{"id":3,"date":"2020-09-30T11:52:51","date_gmt":"2020-09-30T11:52:51","guid":{"rendered":"http:\/\/konijn.com\/?page_id=3"},"modified":"2021-08-27T12:37:42","modified_gmt":"2021-08-27T12:37:42","slug":"privacy-verklaring","status":"publish","type":"page","link":"https:\/\/konijn.com\/de\/privacy-verklaring\/","title":{"rendered":"Datenschutzerkl\u00e4rung"},"content":{"rendered":"<h2 class=\"wp-block-heading\">Wer wir sind<\/h2>\r\n\r\n\r\n\r\n<p>Unsere Website-Adresse lautet: http:\/\/konijn.com.<\/p>\r\n\r\n\r\n\r\n<h2 class=\"wp-block-heading\">Welche pers\u00f6nlichen Daten wir sammeln und warum wir sie sammeln<\/h2>\r\n\r\n\r\n\r\n<h3 class=\"wp-block-heading\">Kommentare<\/h3>\r\n\r\n\r\n\r\n<p>Wenn Besucher Kommentare auf der Website hinterlassen, erfassen wir die im Kommentarformular angezeigten Daten, die IP-Adresse des Besuchers und den User-Agent des Browsers, um Spam zu erkennen.<\/p>\r\n\r\n\r\n\r\n<p>Eine anonymisierte Zeichenfolge, die aus Ihrer E-Mail-Adresse erstellt wird (auch Hash genannt), kann an den Gravatar-Dienst gesendet werden, wenn Sie diesen nutzen. Die Seite mit den Datenschutzbestimmungen finden Sie hier: https:\/\/automattic.com\/privacy\/. Nachdem Ihr Kommentar genehmigt wurde, ist Ihr Profilbild im Zusammenhang mit Ihrem Kommentar \u00f6ffentlich sichtbar.<\/p>\r\n\r\n\r\n\r\n<h3 class=\"wp-block-heading\">Medien<\/h3>\r\n\r\n\r\n\r\n<p>Wenn Sie ein registrierter Benutzer sind und Bilder auf die Website hochladen, sollten Sie es vermeiden, Bilder hochzuladen, die EXIF-GPS-Standortdaten enthalten. Die Besucher der Website k\u00f6nnen die Bilder von der Website herunterladen und die Standortdaten einsehen.<\/p>\r\n\r\n\r\n\r\n<h3 class=\"wp-block-heading\">Kontaktformulare<\/h3>\r\n\r\n\r\n\r\n<h3 class=\"wp-block-heading\">Cookies<\/h3>\r\n\r\n\r\n\r\n<p>Wenn Sie einen Kommentar auf unserer Website hinterlassen, k\u00f6nnen Sie angeben, ob Ihr Name, Ihre E-Mail-Adresse und Ihr Standort in einem Cookie gespeichert werden d\u00fcrfen. Dies geschieht aus Gr\u00fcnden der Bequemlichkeit, damit Sie diese Angaben nicht erneut eingeben m\u00fcssen, wenn Sie einen neuen Kommentar hinterlassen. Diese Cookies sind ein Jahr lang g\u00fcltig.<\/p>\r\n\r\n\r\n\r\n<p>Wenn Sie unsere Login-Seite besuchen, speichern wir ein tempor\u00e4res Cookie, um zu pr\u00fcfen, ob Ihr Browser Cookies akzeptiert. Dieses Cookie enth\u00e4lt keine pers\u00f6nlichen Daten und wird gel\u00f6scht, wenn Sie Ihren Browser schlie\u00dfen.<\/p>\r\n\r\n\r\n\r\n<p>Wenn Sie sich anmelden, speichern wir einige Cookies, die sich auf Ihre Anmeldeinformationen und Bildschirmdarstellungsoptionen beziehen. Login-Cookies sind 2 Tage lang g\u00fcltig und Cookies f\u00fcr die Bildschirmoptionen sind 1 Jahr lang g\u00fcltig. Wenn Sie \"Remember me\" w\u00e4hlen, wird Ihr Login 2 Wochen lang gespeichert. Sobald Sie sich von Ihrem Konto abmelden, werden die Cookies f\u00fcr die Anmeldung gel\u00f6scht.<\/p>\r\n\r\n\r\n\r\n<p>Wenn Sie einen Beitrag bearbeiten oder ver\u00f6ffentlichen, wird ein zus\u00e4tzliches Cookie von Ihrem Browser gespeichert. Dieser Cookie enth\u00e4lt keine pers\u00f6nlichen Daten, sondern lediglich die Post-ID des von Ihnen bearbeiteten Artikels. Dieses Cookie verf\u00e4llt nach einem Tag.<\/p>\r\n\r\n\r\n\r\n<h3 class=\"wp-block-heading\">Eingebettete Inhalte von anderen Websites<\/h3>\r\n\r\n\r\n\r\n<p>Die Nachrichten auf dieser Website k\u00f6nnen eingebettete Inhalte (z. B. Videos, Bilder, Nachrichten usw.) enthalten. Eingebettete Inhalte anderer Websites verhalten sich genau so, als ob der Besucher diese andere Website besucht h\u00e4tte.<\/p>\r\n\r\n\r\n\r\n<p>Diese Websites k\u00f6nnen Informationen \u00fcber Sie sammeln, Cookies verwenden, zus\u00e4tzliche Trackingfunktionen von Dritten einbetten und Ihre Interaktion mit solchen eingebetteten Inhalten \u00fcberwachen, einschlie\u00dflich der Aufzeichnung Ihrer Interaktion mit eingebetteten Inhalten, wenn Sie ein Konto haben und auf dieser Website angemeldet sind.<\/p>\r\n\r\n\r\n\r\n<h3 class=\"wp-block-heading\">Analytik<\/h3>\r\n\r\n\r\n\r\n<h2 class=\"wp-block-heading\">Mit wem wir Ihre Daten teilen<\/h2>\r\n\r\n\r\n\r\n<h2 class=\"wp-block-heading\">Wie lange wir Ihre Daten aufbewahren<\/h2>\r\n\r\n\r\n\r\n<p>Wenn Sie einen Kommentar hinterlassen, werden dieser Kommentar und seine Metadaten f\u00fcr immer gespeichert. Auf diese Weise k\u00f6nnen wir Folgekommentare automatisch erkennen und genehmigen, ohne sie moderieren zu m\u00fcssen.<\/p>\r\n\r\n\r\n\r\n<p>Bei Nutzern, die sich auf unserer Website registrieren (falls vorhanden), speichern wir auch die pers\u00f6nlichen Daten, die sie in ihrem Nutzerprofil angeben. Alle Nutzer k\u00f6nnen ihre pers\u00f6nlichen Daten jederzeit einsehen, bearbeiten oder l\u00f6schen (au\u00dfer dass sie ihren Nutzernamen nicht \u00e4ndern k\u00f6nnen). Auch Website-Administratoren k\u00f6nnen diese Informationen einsehen und bearbeiten.<\/p>\r\n\r\n\r\n\r\n<h2 class=\"wp-block-heading\">Welche Rechte haben Sie in Bezug auf Ihre Daten?<\/h2>\r\n\r\n\r\n\r\n<p>Wenn Sie ein Konto auf dieser Website haben oder Kommentare hinterlassen haben, k\u00f6nnen Sie eine Exportdatei aller personenbezogenen Daten anfordern, die wir \u00fcber Sie gespeichert haben, einschlie\u00dflich aller Daten, die Sie uns gegeben haben. Sie k\u00f6nnen auch verlangen, dass wir alle \u00fcber Sie gespeicherten personenbezogenen Daten l\u00f6schen. Davon ausgenommen sind Daten, die wir aus verwaltungstechnischen, rechtlichen oder sicherheitsrelevanten Gr\u00fcnden aufbewahren m\u00fcssen.<\/p>\r\n\r\n\r\n\r\n<h2 class=\"wp-block-heading\">Wohin wir Ihre Daten senden<\/h2>\r\n\r\n\r\n\r\n<p>Es ist m\u00f6glich, dass die Antworten der Besucher durch einen automatischen Spam-Erkennungsdienst \u00fcberpr\u00fcft werden.<\/p>\r\n\r\n\r\n\r\n<h2 class=\"wp-block-heading\">Ihre Kontaktinformationen<\/h2>\r\n\r\n\r\n\r\n<h2 class=\"wp-block-heading\">Zus\u00e4tzliche Informationen<\/h2>\r\n\r\n\r\n\r\n<h3 class=\"wp-block-heading\">Wie wir Ihre Daten sch\u00fctzen<\/h3>\r\n\r\n\r\n\r\n<h3 class=\"wp-block-heading\">Welche Verfahren bei Datenschutzverletzungen wir eingef\u00fchrt haben<\/h3>\r\n\r\n\r\n\r\n<h3 class=\"wp-block-heading\">Von welchen Dritten wir Daten erhalten<\/h3>\r\n\r\n\r\n\r\n<h3 class=\"wp-block-heading\">Welche automatisierte Entscheidungsfindung und\/oder Profilerstellung wir mit Nutzerdaten durchf\u00fchren<\/h3>\r\n\r\n\r\n\r\n<h3 class=\"wp-block-heading\">Offenlegungspflichten der Industrie<\/h3>","protected":false},"excerpt":{"rendered":"<p>Wie zijn we Ons site-adres is: http:\/\/konijn.com. Welke persoonlijke gegevens we verzamelen en waarom we die verzamelen Reacties Als bezoekers reacties achterlaten op de site, verzamelen we de gegevens getoond in het reactieformulier, het IP-adres van de bezoeker en de browser user agent om te helpen spam te detecteren. Een geanonimiseerde string, gemaakt op basis [&hellip;]<\/p>\n","protected":false},"author":1,"featured_media":861,"parent":0,"menu_order":0,"comment_status":"closed","ping_status":"open","template":"","meta":{"_acf_changed":false,"footnotes":""},"class_list":["post-3","page","type-page","status-publish","has-post-thumbnail","hentry"],"acf":[],"yoast_head":"<!-- This site is optimized with the Yoast SEO plugin v27.4 - https:\/\/yoast.com\/product\/yoast-seo-wordpress\/ -->\n<title>Privacy verklaring - Konijn Machines<\/title>\n<meta name=\"robots\" content=\"index, follow, max-snippet:-1, max-image-preview:large, max-video-preview:-1\" \/>\n<link rel=\"canonical\" href=\"https:\/\/konijn.com\/de\/wp-json\/wp\/v2\/pages\/3\" \/>\n<meta property=\"og:locale\" content=\"de_DE\" \/>\n<meta property=\"og:type\" content=\"article\" \/>\n<meta property=\"og:title\" content=\"Privacy verklaring - Konijn Machines\" \/>\n<meta property=\"og:description\" content=\"Wie zijn we Ons site-adres is: http:\/\/konijn.com. Welke persoonlijke gegevens we verzamelen en waarom we die verzamelen Reacties Als bezoekers reacties achterlaten op de site, verzamelen we de gegevens getoond in het reactieformulier, het IP-adres van de bezoeker en de browser user agent om te helpen spam te detecteren. Een geanonimiseerde string, gemaakt op basis [&hellip;]\" \/>\n<meta property=\"og:url\" content=\"https:\/\/konijn.com\/de\/privacy-verklaring\/\" \/>\n<meta property=\"og:site_name\" content=\"Konijn Machines\" \/>\n<meta property=\"article:modified_time\" content=\"2021-08-27T12:37:42+00:00\" \/>\n<meta property=\"og:image\" content=\"https:\/\/konijn.com\/wp-content\/uploads\/2021\/08\/PHOTO-2020-04-24-09-01-58.jpg\" \/>\n\t<meta property=\"og:image:width\" content=\"1600\" \/>\n\t<meta property=\"og:image:height\" content=\"1200\" \/>\n\t<meta property=\"og:image:type\" content=\"image\/jpeg\" \/>\n<meta name=\"twitter:card\" content=\"summary_large_image\" \/>\n<meta name=\"twitter:label1\" content=\"Gesch\u00e4tzte Lesezeit\" \/>\n\t<meta name=\"twitter:data1\" content=\"3\u00a0Minuten\" \/>\n<script type=\"application\/ld+json\" class=\"yoast-schema-graph\">{\"@context\":\"https:\\\/\\\/schema.org\",\"@graph\":[{\"@type\":\"WebPage\",\"@id\":\"https:\\\/\\\/konijn.com\\\/privacy-verklaring\\\/\",\"url\":\"https:\\\/\\\/konijn.com\\\/privacy-verklaring\\\/\",\"name\":\"Privacy verklaring - Konijn Machines\",\"isPartOf\":{\"@id\":\"https:\\\/\\\/konijn.com\\\/en\\\/#website\"},\"primaryImageOfPage\":{\"@id\":\"https:\\\/\\\/konijn.com\\\/privacy-verklaring\\\/#primaryimage\"},\"image\":{\"@id\":\"https:\\\/\\\/konijn.com\\\/privacy-verklaring\\\/#primaryimage\"},\"thumbnailUrl\":\"https:\\\/\\\/konijn.com\\\/wp-content\\\/uploads\\\/2021\\\/08\\\/PHOTO-2020-04-24-09-01-58.jpg\",\"datePublished\":\"2020-09-30T11:52:51+00:00\",\"dateModified\":\"2021-08-27T12:37:42+00:00\",\"breadcrumb\":{\"@id\":\"https:\\\/\\\/konijn.com\\\/privacy-verklaring\\\/#breadcrumb\"},\"inLanguage\":\"de\",\"potentialAction\":[{\"@type\":\"ReadAction\",\"target\":[\"https:\\\/\\\/konijn.com\\\/privacy-verklaring\\\/\"]}]},{\"@type\":\"ImageObject\",\"inLanguage\":\"de\",\"@id\":\"https:\\\/\\\/konijn.com\\\/privacy-verklaring\\\/#primaryimage\",\"url\":\"https:\\\/\\\/konijn.com\\\/wp-content\\\/uploads\\\/2021\\\/08\\\/PHOTO-2020-04-24-09-01-58.jpg\",\"contentUrl\":\"https:\\\/\\\/konijn.com\\\/wp-content\\\/uploads\\\/2021\\\/08\\\/PHOTO-2020-04-24-09-01-58.jpg\",\"width\":1600,\"height\":1200},{\"@type\":\"BreadcrumbList\",\"@id\":\"https:\\\/\\\/konijn.com\\\/privacy-verklaring\\\/#breadcrumb\",\"itemListElement\":[{\"@type\":\"ListItem\",\"position\":1,\"name\":\"Home\",\"item\":\"https:\\\/\\\/konijn.com\\\/\"},{\"@type\":\"ListItem\",\"position\":2,\"name\":\"Privacy verklaring\"}]},{\"@type\":\"WebSite\",\"@id\":\"https:\\\/\\\/konijn.com\\\/en\\\/#website\",\"url\":\"https:\\\/\\\/konijn.com\\\/en\\\/\",\"name\":\"Konijn Machines\",\"description\":\"\",\"publisher\":{\"@id\":\"https:\\\/\\\/konijn.com\\\/en\\\/#organization\"},\"potentialAction\":[{\"@type\":\"SearchAction\",\"target\":{\"@type\":\"EntryPoint\",\"urlTemplate\":\"https:\\\/\\\/konijn.com\\\/en\\\/?s={search_term_string}\"},\"query-input\":{\"@type\":\"PropertyValueSpecification\",\"valueRequired\":true,\"valueName\":\"search_term_string\"}}],\"inLanguage\":\"de\"},{\"@type\":\"Organization\",\"@id\":\"https:\\\/\\\/konijn.com\\\/en\\\/#organization\",\"name\":\"Konijn Machines\",\"url\":\"https:\\\/\\\/konijn.com\\\/en\\\/\",\"logo\":{\"@type\":\"ImageObject\",\"inLanguage\":\"de\",\"@id\":\"https:\\\/\\\/konijn.com\\\/en\\\/#\\\/schema\\\/logo\\\/image\\\/\",\"url\":\"https:\\\/\\\/konijn.com\\\/wp-content\\\/uploads\\\/2022\\\/06\\\/N_Konijn_header_voor_web-scaled.jpg\",\"contentUrl\":\"https:\\\/\\\/konijn.com\\\/wp-content\\\/uploads\\\/2022\\\/06\\\/N_Konijn_header_voor_web-scaled.jpg\",\"width\":2560,\"height\":545,\"caption\":\"Konijn Machines\"},\"image\":{\"@id\":\"https:\\\/\\\/konijn.com\\\/en\\\/#\\\/schema\\\/logo\\\/image\\\/\"}}]}<\/script>\n<!-- \/ Yoast SEO plugin. -->","yoast_head_json":{"title":"Datenschutzerkl\u00e4rung - Konijn Machines","robots":{"index":"index","follow":"follow","max-snippet":"max-snippet:-1","max-image-preview":"max-image-preview:large","max-video-preview":"max-video-preview:-1"},"canonical":"https:\/\/konijn.com\/de\/wp-json\/wp\/v2\/pages\/3","og_locale":"de_DE","og_type":"article","og_title":"Privacy verklaring - Konijn Machines","og_description":"Wie zijn we Ons site-adres is: http:\/\/konijn.com. Welke persoonlijke gegevens we verzamelen en waarom we die verzamelen Reacties Als bezoekers reacties achterlaten op de site, verzamelen we de gegevens getoond in het reactieformulier, het IP-adres van de bezoeker en de browser user agent om te helpen spam te detecteren. Een geanonimiseerde string, gemaakt op basis [&hellip;]","og_url":"https:\/\/konijn.com\/de\/privacy-verklaring\/","og_site_name":"Konijn Machines","article_modified_time":"2021-08-27T12:37:42+00:00","og_image":[{"width":1600,"height":1200,"url":"https:\/\/konijn.com\/wp-content\/uploads\/2021\/08\/PHOTO-2020-04-24-09-01-58.jpg","type":"image\/jpeg"}],"twitter_card":"summary_large_image","twitter_misc":{"Gesch\u00e4tzte Lesezeit":"3\u00a0Minuten"},"schema":{"@context":"https:\/\/schema.org","@graph":[{"@type":"WebPage","@id":"https:\/\/konijn.com\/privacy-verklaring\/","url":"https:\/\/konijn.com\/privacy-verklaring\/","name":"Datenschutzerkl\u00e4rung - Konijn Machines","isPartOf":{"@id":"https:\/\/konijn.com\/en\/#website"},"primaryImageOfPage":{"@id":"https:\/\/konijn.com\/privacy-verklaring\/#primaryimage"},"image":{"@id":"https:\/\/konijn.com\/privacy-verklaring\/#primaryimage"},"thumbnailUrl":"https:\/\/konijn.com\/wp-content\/uploads\/2021\/08\/PHOTO-2020-04-24-09-01-58.jpg","datePublished":"2020-09-30T11:52:51+00:00","dateModified":"2021-08-27T12:37:42+00:00","breadcrumb":{"@id":"https:\/\/konijn.com\/privacy-verklaring\/#breadcrumb"},"inLanguage":"de","potentialAction":[{"@type":"ReadAction","target":["https:\/\/konijn.com\/privacy-verklaring\/"]}]},{"@type":"ImageObject","inLanguage":"de","@id":"https:\/\/konijn.com\/privacy-verklaring\/#primaryimage","url":"https:\/\/konijn.com\/wp-content\/uploads\/2021\/08\/PHOTO-2020-04-24-09-01-58.jpg","contentUrl":"https:\/\/konijn.com\/wp-content\/uploads\/2021\/08\/PHOTO-2020-04-24-09-01-58.jpg","width":1600,"height":1200},{"@type":"BreadcrumbList","@id":"https:\/\/konijn.com\/privacy-verklaring\/#breadcrumb","itemListElement":[{"@type":"ListItem","position":1,"name":"Home","item":"https:\/\/konijn.com\/"},{"@type":"ListItem","position":2,"name":"Privacy verklaring"}]},{"@type":"WebSite","@id":"https:\/\/konijn.com\/en\/#website","url":"https:\/\/konijn.com\/en\/","name":"Kaninchenmaschinen","description":"","publisher":{"@id":"https:\/\/konijn.com\/en\/#organization"},"potentialAction":[{"@type":"SearchAction","target":{"@type":"EntryPoint","urlTemplate":"https:\/\/konijn.com\/en\/?s={search_term_string}"},"query-input":{"@type":"PropertyValueSpecification","valueRequired":true,"valueName":"search_term_string"}}],"inLanguage":"de"},{"@type":"Organization","@id":"https:\/\/konijn.com\/en\/#organization","name":"Kaninchenmaschinen","url":"https:\/\/konijn.com\/en\/","logo":{"@type":"ImageObject","inLanguage":"de","@id":"https:\/\/konijn.com\/en\/#\/schema\/logo\/image\/","url":"https:\/\/konijn.com\/wp-content\/uploads\/2022\/06\/N_Konijn_header_voor_web-scaled.jpg","contentUrl":"https:\/\/konijn.com\/wp-content\/uploads\/2022\/06\/N_Konijn_header_voor_web-scaled.jpg","width":2560,"height":545,"caption":"Konijn Machines"},"image":{"@id":"https:\/\/konijn.com\/en\/#\/schema\/logo\/image\/"}}]}},"_links":{"self":[{"href":"https:\/\/konijn.com\/de\/wp-json\/wp\/v2\/pages\/3","targetHints":{"allow":["GET"]}}],"collection":[{"href":"https:\/\/konijn.com\/de\/wp-json\/wp\/v2\/pages"}],"about":[{"href":"https:\/\/konijn.com\/de\/wp-json\/wp\/v2\/types\/page"}],"author":[{"embeddable":true,"href":"https:\/\/konijn.com\/de\/wp-json\/wp\/v2\/users\/1"}],"replies":[{"embeddable":true,"href":"https:\/\/konijn.com\/de\/wp-json\/wp\/v2\/comments?post=3"}],"version-history":[{"count":0,"href":"https:\/\/konijn.com\/de\/wp-json\/wp\/v2\/pages\/3\/revisions"}],"wp:featuredmedia":[{"embeddable":true,"href":"https:\/\/konijn.com\/de\/wp-json\/wp\/v2\/media\/861"}],"wp:attachment":[{"href":"https:\/\/konijn.com\/de\/wp-json\/wp\/v2\/media?parent=3"}],"curies":[{"name":"wp","href":"https:\/\/api.w.org\/{rel}","templated":true}]}}