{"id":3,"date":"2020-09-30T11:52:51","date_gmt":"2020-09-30T11:52:51","guid":{"rendered":"http:\/\/konijn.com\/?page_id=3"},"modified":"2021-08-27T12:37:42","modified_gmt":"2021-08-27T12:37:42","slug":"privacy-verklaring","status":"publish","type":"page","link":"https:\/\/konijn.com\/es\/privacy-verklaring\/","title":{"rendered":"Declaraci\u00f3n de privacidad"},"content":{"rendered":"<h2 class=\"wp-block-heading\">Qui\u00e9nes somos<\/h2>\r\n\r\n\r\n\r\n<p>La direcci\u00f3n de nuestro sitio es: http:\/\/konijn.com.<\/p>\r\n\r\n\r\n\r\n<h2 class=\"wp-block-heading\">Qu\u00e9 datos personales recogemos y por qu\u00e9 los recogemos<\/h2>\r\n\r\n\r\n\r\n<h3 class=\"wp-block-heading\">Comentarios<\/h3>\r\n\r\n\r\n\r\n<p>Cuando los visitantes dejan comentarios en el sitio, recogemos los datos que aparecen en el formulario de comentarios, la direcci\u00f3n IP del visitante y el agente de usuario del navegador para ayudar a detectar el spam.<\/p>\r\n\r\n\r\n\r\n<p>Una cadena an\u00f3nima creada a partir de tu direcci\u00f3n de correo electr\u00f3nico (tambi\u00e9n llamada hash) puede ser enviada al servicio Gravatar si lo utilizas. La p\u00e1gina de la pol\u00edtica de privacidad se puede encontrar aqu\u00ed: https:\/\/automattic.com\/privacy\/. Una vez aprobado tu comentario, tu foto de perfil es visible p\u00fablicamente en el contexto de tu comentario.<\/p>\r\n\r\n\r\n\r\n<h3 class=\"wp-block-heading\">Medios de comunicaci\u00f3n<\/h3>\r\n\r\n\r\n\r\n<p>Si eres un usuario registrado y subes im\u00e1genes al sitio, debes evitar subir im\u00e1genes que contengan datos de localizaci\u00f3n GPS EXIF. Los visitantes del sitio pueden descargar las im\u00e1genes del sitio y ver los datos de localizaci\u00f3n.<\/p>\r\n\r\n\r\n\r\n<h3 class=\"wp-block-heading\">Formularios de contacto<\/h3>\r\n\r\n\r\n\r\n<h3 class=\"wp-block-heading\">Galletas<\/h3>\r\n\r\n\r\n\r\n<p>Cuando deja un comentario en nuestro sitio, puede indicar si su nombre, direcci\u00f3n de correo electr\u00f3nico y sitio pueden ser almacenados en una cookie. Lo hacemos para su comodidad, para que no tenga que volver a rellenar estos datos cuando deje un nuevo comentario. Estas cookies son v\u00e1lidas durante un a\u00f1o.<\/p>\r\n\r\n\r\n\r\n<p>Si visita nuestra p\u00e1gina de inicio de sesi\u00f3n, almacenamos una cookie temporal para comprobar si su navegador acepta cookies. Esta cookie no contiene datos personales y se elimina al cerrar el navegador.<\/p>\r\n\r\n\r\n\r\n<p>Una vez que inicie la sesi\u00f3n, almacenaremos algunas cookies relacionadas con su informaci\u00f3n de inicio de sesi\u00f3n y las opciones de visualizaci\u00f3n en pantalla. Las cookies de inicio de sesi\u00f3n son v\u00e1lidas durante 2 d\u00edas y las cookies de opciones de visualizaci\u00f3n en pantalla son v\u00e1lidas durante 1 a\u00f1o. Si seleccionas \"Recordarme\", tu login se guardar\u00e1 durante 2 semanas. En cuanto salga de su cuenta, las cookies de inicio de sesi\u00f3n se eliminar\u00e1n.<\/p>\r\n\r\n\r\n\r\n<p>Cuando editas o publicas una entrada, tu navegador almacena una cookie adicional. Esta cookie no contiene datos personales y se limita a guardar el ID del art\u00edculo que has editado. Esta cookie caduca al cabo de un d\u00eda.<\/p>\r\n\r\n\r\n\r\n<h3 class=\"wp-block-heading\">Contenido incrustado de otros sitios<\/h3>\r\n\r\n\r\n\r\n<p>Los mensajes de este sitio pueden tener contenido incrustado (por ejemplo, v\u00eddeos, im\u00e1genes, mensajes, etc.). El contenido incrustado de otros sitios se comporta exactamente como si el visitante hubiera visitado este otro sitio.<\/p>\r\n\r\n\r\n\r\n<p>Estos sitios pueden recopilar informaci\u00f3n sobre usted, utilizar cookies, incrustar un seguimiento adicional de terceros y supervisar su interacci\u00f3n con dicho contenido incrustado, incluido el registro de su interacci\u00f3n con el contenido incrustado si tiene una cuenta y ha iniciado sesi\u00f3n en ese sitio.<\/p>\r\n\r\n\r\n\r\n<h3 class=\"wp-block-heading\">Anal\u00edtica<\/h3>\r\n\r\n\r\n\r\n<h2 class=\"wp-block-heading\">Con qui\u00e9n compartimos sus datos<\/h2>\r\n\r\n\r\n\r\n<h2 class=\"wp-block-heading\">Cu\u00e1nto tiempo conservamos sus datos<\/h2>\r\n\r\n\r\n\r\n<p>Cuando dejas un comentario, ese comentario y sus metadatos se almacenan para siempre. De este modo, podemos reconocer y aprobar autom\u00e1ticamente los comentarios de seguimiento en lugar de tener que moderarlos.<\/p>\r\n\r\n\r\n\r\n<p>En el caso de los usuarios que se registran en nuestro sitio (si los hay), tambi\u00e9n almacenamos la informaci\u00f3n personal que proporcionan en su perfil de usuario. Todos los usuarios pueden ver, editar o borrar su informaci\u00f3n personal en cualquier momento (excepto que no pueden cambiar su nombre de usuario). Los administradores del sitio tambi\u00e9n pueden ver y editar esta informaci\u00f3n.<\/p>\r\n\r\n\r\n\r\n<h2 class=\"wp-block-heading\">\u00bfQu\u00e9 derechos tiene usted sobre sus datos?<\/h2>\r\n\r\n\r\n\r\n<p>Si tiene una cuenta en este sitio o ha dejado comentarios, puede solicitar un archivo de exportaci\u00f3n de cualquier dato personal que tengamos sobre usted, incluidos los datos que nos haya facilitado. Tambi\u00e9n puede solicitar que eliminemos los datos personales que tenemos sobre usted. Esto no incluye los datos que estamos obligados a conservar por motivos administrativos, legales o de seguridad.<\/p>\r\n\r\n\r\n\r\n<h2 class=\"wp-block-heading\">D\u00f3nde enviamos sus datos<\/h2>\r\n\r\n\r\n\r\n<p>Es posible que las respuestas de los visitantes se comprueben a trav\u00e9s de un servicio autom\u00e1tico de detecci\u00f3n de spam.<\/p>\r\n\r\n\r\n\r\n<h2 class=\"wp-block-heading\">Sus datos de contacto<\/h2>\r\n\r\n\r\n\r\n<h2 class=\"wp-block-heading\">Informaci\u00f3n adicional<\/h2>\r\n\r\n\r\n\r\n<h3 class=\"wp-block-heading\">C\u00f3mo protegemos sus datos<\/h3>\r\n\r\n\r\n\r\n<h3 class=\"wp-block-heading\">Qu\u00e9 procedimientos de violaci\u00f3n de datos hemos implementado<\/h3>\r\n\r\n\r\n\r\n<h3 class=\"wp-block-heading\">De qu\u00e9 terceros recibimos datos<\/h3>\r\n\r\n\r\n\r\n<h3 class=\"wp-block-heading\">Qu\u00e9 toma de decisiones y\/o elaboraci\u00f3n de perfiles automatizados hacemos con los datos de los usuarios<\/h3>\r\n\r\n\r\n\r\n<h3 class=\"wp-block-heading\">Obligaciones de divulgaci\u00f3n del sector<\/h3>","protected":false},"excerpt":{"rendered":"<p>Wie zijn we Ons site-adres is: http:\/\/konijn.com. Welke persoonlijke gegevens we verzamelen en waarom we die verzamelen Reacties Als bezoekers reacties achterlaten op de site, verzamelen we de gegevens getoond in het reactieformulier, het IP-adres van de bezoeker en de browser user agent om te helpen spam te detecteren. Een geanonimiseerde string, gemaakt op basis [&hellip;]<\/p>\n","protected":false},"author":1,"featured_media":861,"parent":0,"menu_order":0,"comment_status":"closed","ping_status":"open","template":"","meta":{"_acf_changed":false,"footnotes":""},"class_list":["post-3","page","type-page","status-publish","has-post-thumbnail","hentry"],"acf":[],"yoast_head":"<!-- This site is optimized with the Yoast SEO plugin v27.4 - https:\/\/yoast.com\/product\/yoast-seo-wordpress\/ -->\n<title>Privacy verklaring - Konijn Machines<\/title>\n<meta name=\"robots\" content=\"index, follow, max-snippet:-1, max-image-preview:large, max-video-preview:-1\" \/>\n<link rel=\"canonical\" href=\"https:\/\/konijn.com\/es\/wp-json\/wp\/v2\/pages\/3\" \/>\n<meta property=\"og:locale\" content=\"es_ES\" \/>\n<meta property=\"og:type\" content=\"article\" \/>\n<meta property=\"og:title\" content=\"Privacy verklaring - Konijn Machines\" \/>\n<meta property=\"og:description\" content=\"Wie zijn we Ons site-adres is: http:\/\/konijn.com. Welke persoonlijke gegevens we verzamelen en waarom we die verzamelen Reacties Als bezoekers reacties achterlaten op de site, verzamelen we de gegevens getoond in het reactieformulier, het IP-adres van de bezoeker en de browser user agent om te helpen spam te detecteren. Een geanonimiseerde string, gemaakt op basis [&hellip;]\" \/>\n<meta property=\"og:url\" content=\"https:\/\/konijn.com\/es\/privacy-verklaring\/\" \/>\n<meta property=\"og:site_name\" content=\"Konijn Machines\" \/>\n<meta property=\"article:modified_time\" content=\"2021-08-27T12:37:42+00:00\" \/>\n<meta property=\"og:image\" content=\"https:\/\/konijn.com\/wp-content\/uploads\/2021\/08\/PHOTO-2020-04-24-09-01-58.jpg\" \/>\n\t<meta property=\"og:image:width\" content=\"1600\" \/>\n\t<meta property=\"og:image:height\" content=\"1200\" \/>\n\t<meta property=\"og:image:type\" content=\"image\/jpeg\" \/>\n<meta name=\"twitter:card\" content=\"summary_large_image\" \/>\n<meta name=\"twitter:label1\" content=\"Tiempo de lectura\" \/>\n\t<meta name=\"twitter:data1\" content=\"3 minutos\" \/>\n<script type=\"application\/ld+json\" class=\"yoast-schema-graph\">{\"@context\":\"https:\\\/\\\/schema.org\",\"@graph\":[{\"@type\":\"WebPage\",\"@id\":\"https:\\\/\\\/konijn.com\\\/privacy-verklaring\\\/\",\"url\":\"https:\\\/\\\/konijn.com\\\/privacy-verklaring\\\/\",\"name\":\"Privacy verklaring - Konijn Machines\",\"isPartOf\":{\"@id\":\"https:\\\/\\\/konijn.com\\\/en\\\/#website\"},\"primaryImageOfPage\":{\"@id\":\"https:\\\/\\\/konijn.com\\\/privacy-verklaring\\\/#primaryimage\"},\"image\":{\"@id\":\"https:\\\/\\\/konijn.com\\\/privacy-verklaring\\\/#primaryimage\"},\"thumbnailUrl\":\"https:\\\/\\\/konijn.com\\\/wp-content\\\/uploads\\\/2021\\\/08\\\/PHOTO-2020-04-24-09-01-58.jpg\",\"datePublished\":\"2020-09-30T11:52:51+00:00\",\"dateModified\":\"2021-08-27T12:37:42+00:00\",\"breadcrumb\":{\"@id\":\"https:\\\/\\\/konijn.com\\\/privacy-verklaring\\\/#breadcrumb\"},\"inLanguage\":\"es\",\"potentialAction\":[{\"@type\":\"ReadAction\",\"target\":[\"https:\\\/\\\/konijn.com\\\/privacy-verklaring\\\/\"]}]},{\"@type\":\"ImageObject\",\"inLanguage\":\"es\",\"@id\":\"https:\\\/\\\/konijn.com\\\/privacy-verklaring\\\/#primaryimage\",\"url\":\"https:\\\/\\\/konijn.com\\\/wp-content\\\/uploads\\\/2021\\\/08\\\/PHOTO-2020-04-24-09-01-58.jpg\",\"contentUrl\":\"https:\\\/\\\/konijn.com\\\/wp-content\\\/uploads\\\/2021\\\/08\\\/PHOTO-2020-04-24-09-01-58.jpg\",\"width\":1600,\"height\":1200},{\"@type\":\"BreadcrumbList\",\"@id\":\"https:\\\/\\\/konijn.com\\\/privacy-verklaring\\\/#breadcrumb\",\"itemListElement\":[{\"@type\":\"ListItem\",\"position\":1,\"name\":\"Home\",\"item\":\"https:\\\/\\\/konijn.com\\\/\"},{\"@type\":\"ListItem\",\"position\":2,\"name\":\"Privacy verklaring\"}]},{\"@type\":\"WebSite\",\"@id\":\"https:\\\/\\\/konijn.com\\\/en\\\/#website\",\"url\":\"https:\\\/\\\/konijn.com\\\/en\\\/\",\"name\":\"Konijn Machines\",\"description\":\"\",\"publisher\":{\"@id\":\"https:\\\/\\\/konijn.com\\\/en\\\/#organization\"},\"potentialAction\":[{\"@type\":\"SearchAction\",\"target\":{\"@type\":\"EntryPoint\",\"urlTemplate\":\"https:\\\/\\\/konijn.com\\\/en\\\/?s={search_term_string}\"},\"query-input\":{\"@type\":\"PropertyValueSpecification\",\"valueRequired\":true,\"valueName\":\"search_term_string\"}}],\"inLanguage\":\"es\"},{\"@type\":\"Organization\",\"@id\":\"https:\\\/\\\/konijn.com\\\/en\\\/#organization\",\"name\":\"Konijn Machines\",\"url\":\"https:\\\/\\\/konijn.com\\\/en\\\/\",\"logo\":{\"@type\":\"ImageObject\",\"inLanguage\":\"es\",\"@id\":\"https:\\\/\\\/konijn.com\\\/en\\\/#\\\/schema\\\/logo\\\/image\\\/\",\"url\":\"https:\\\/\\\/konijn.com\\\/wp-content\\\/uploads\\\/2022\\\/06\\\/N_Konijn_header_voor_web-scaled.jpg\",\"contentUrl\":\"https:\\\/\\\/konijn.com\\\/wp-content\\\/uploads\\\/2022\\\/06\\\/N_Konijn_header_voor_web-scaled.jpg\",\"width\":2560,\"height\":545,\"caption\":\"Konijn Machines\"},\"image\":{\"@id\":\"https:\\\/\\\/konijn.com\\\/en\\\/#\\\/schema\\\/logo\\\/image\\\/\"}}]}<\/script>\n<!-- \/ Yoast SEO plugin. -->","yoast_head_json":{"title":"Declaraci\u00f3n de privacidad - Konijn Machines","robots":{"index":"index","follow":"follow","max-snippet":"max-snippet:-1","max-image-preview":"max-image-preview:large","max-video-preview":"max-video-preview:-1"},"canonical":"https:\/\/konijn.com\/es\/wp-json\/wp\/v2\/pages\/3","og_locale":"es_ES","og_type":"article","og_title":"Privacy verklaring - Konijn Machines","og_description":"Wie zijn we Ons site-adres is: http:\/\/konijn.com. Welke persoonlijke gegevens we verzamelen en waarom we die verzamelen Reacties Als bezoekers reacties achterlaten op de site, verzamelen we de gegevens getoond in het reactieformulier, het IP-adres van de bezoeker en de browser user agent om te helpen spam te detecteren. Een geanonimiseerde string, gemaakt op basis [&hellip;]","og_url":"https:\/\/konijn.com\/es\/privacy-verklaring\/","og_site_name":"Konijn Machines","article_modified_time":"2021-08-27T12:37:42+00:00","og_image":[{"width":1600,"height":1200,"url":"https:\/\/konijn.com\/wp-content\/uploads\/2021\/08\/PHOTO-2020-04-24-09-01-58.jpg","type":"image\/jpeg"}],"twitter_card":"summary_large_image","twitter_misc":{"Tiempo de lectura":"3 minutos"},"schema":{"@context":"https:\/\/schema.org","@graph":[{"@type":"WebPage","@id":"https:\/\/konijn.com\/privacy-verklaring\/","url":"https:\/\/konijn.com\/privacy-verklaring\/","name":"Declaraci\u00f3n de privacidad - Konijn Machines","isPartOf":{"@id":"https:\/\/konijn.com\/en\/#website"},"primaryImageOfPage":{"@id":"https:\/\/konijn.com\/privacy-verklaring\/#primaryimage"},"image":{"@id":"https:\/\/konijn.com\/privacy-verklaring\/#primaryimage"},"thumbnailUrl":"https:\/\/konijn.com\/wp-content\/uploads\/2021\/08\/PHOTO-2020-04-24-09-01-58.jpg","datePublished":"2020-09-30T11:52:51+00:00","dateModified":"2021-08-27T12:37:42+00:00","breadcrumb":{"@id":"https:\/\/konijn.com\/privacy-verklaring\/#breadcrumb"},"inLanguage":"es","potentialAction":[{"@type":"ReadAction","target":["https:\/\/konijn.com\/privacy-verklaring\/"]}]},{"@type":"ImageObject","inLanguage":"es","@id":"https:\/\/konijn.com\/privacy-verklaring\/#primaryimage","url":"https:\/\/konijn.com\/wp-content\/uploads\/2021\/08\/PHOTO-2020-04-24-09-01-58.jpg","contentUrl":"https:\/\/konijn.com\/wp-content\/uploads\/2021\/08\/PHOTO-2020-04-24-09-01-58.jpg","width":1600,"height":1200},{"@type":"BreadcrumbList","@id":"https:\/\/konijn.com\/privacy-verklaring\/#breadcrumb","itemListElement":[{"@type":"ListItem","position":1,"name":"Home","item":"https:\/\/konijn.com\/"},{"@type":"ListItem","position":2,"name":"Privacy verklaring"}]},{"@type":"WebSite","@id":"https:\/\/konijn.com\/en\/#website","url":"https:\/\/konijn.com\/en\/","name":"M\u00e1quinas de conejo","description":"","publisher":{"@id":"https:\/\/konijn.com\/en\/#organization"},"potentialAction":[{"@type":"SearchAction","target":{"@type":"EntryPoint","urlTemplate":"https:\/\/konijn.com\/en\/?s={search_term_string}"},"query-input":{"@type":"PropertyValueSpecification","valueRequired":true,"valueName":"search_term_string"}}],"inLanguage":"es"},{"@type":"Organization","@id":"https:\/\/konijn.com\/en\/#organization","name":"M\u00e1quinas de conejo","url":"https:\/\/konijn.com\/en\/","logo":{"@type":"ImageObject","inLanguage":"es","@id":"https:\/\/konijn.com\/en\/#\/schema\/logo\/image\/","url":"https:\/\/konijn.com\/wp-content\/uploads\/2022\/06\/N_Konijn_header_voor_web-scaled.jpg","contentUrl":"https:\/\/konijn.com\/wp-content\/uploads\/2022\/06\/N_Konijn_header_voor_web-scaled.jpg","width":2560,"height":545,"caption":"Konijn Machines"},"image":{"@id":"https:\/\/konijn.com\/en\/#\/schema\/logo\/image\/"}}]}},"_links":{"self":[{"href":"https:\/\/konijn.com\/es\/wp-json\/wp\/v2\/pages\/3","targetHints":{"allow":["GET"]}}],"collection":[{"href":"https:\/\/konijn.com\/es\/wp-json\/wp\/v2\/pages"}],"about":[{"href":"https:\/\/konijn.com\/es\/wp-json\/wp\/v2\/types\/page"}],"author":[{"embeddable":true,"href":"https:\/\/konijn.com\/es\/wp-json\/wp\/v2\/users\/1"}],"replies":[{"embeddable":true,"href":"https:\/\/konijn.com\/es\/wp-json\/wp\/v2\/comments?post=3"}],"version-history":[{"count":0,"href":"https:\/\/konijn.com\/es\/wp-json\/wp\/v2\/pages\/3\/revisions"}],"wp:featuredmedia":[{"embeddable":true,"href":"https:\/\/konijn.com\/es\/wp-json\/wp\/v2\/media\/861"}],"wp:attachment":[{"href":"https:\/\/konijn.com\/es\/wp-json\/wp\/v2\/media?parent=3"}],"curies":[{"name":"wp","href":"https:\/\/api.w.org\/{rel}","templated":true}]}}