{"id":3,"date":"2020-09-30T11:52:51","date_gmt":"2020-09-30T11:52:51","guid":{"rendered":"http:\/\/konijn.com\/?page_id=3"},"modified":"2021-08-27T12:37:42","modified_gmt":"2021-08-27T12:37:42","slug":"privacy-verklaring","status":"publish","type":"page","link":"https:\/\/konijn.com\/fr\/privacy-verklaring\/","title":{"rendered":"D\u00e9claration de confidentialit\u00e9"},"content":{"rendered":"<h2 class=\"wp-block-heading\">Qui sommes-nous ?<\/h2>\r\n\r\n\r\n\r\n<p>L'adresse de notre site est la suivante : http:\/\/konijn.com.<\/p>\r\n\r\n\r\n\r\n<h2 class=\"wp-block-heading\">Quelles sont les donn\u00e9es personnelles que nous collectons et pourquoi nous les collectons ?<\/h2>\r\n\r\n\r\n\r\n<h3 class=\"wp-block-heading\">Commentaires<\/h3>\r\n\r\n\r\n\r\n<p>Lorsque les visiteurs laissent des commentaires sur le site, nous recueillons les donn\u00e9es indiqu\u00e9es dans le formulaire de commentaire, l'adresse IP du visiteur et l'agent utilisateur du navigateur pour aider \u00e0 d\u00e9tecter les spams.<\/p>\r\n\r\n\r\n\r\n<p>Une cha\u00eene de caract\u00e8res anonymis\u00e9e cr\u00e9\u00e9e \u00e0 partir de votre adresse \u00e9lectronique (\u00e9galement appel\u00e9e hachage) peut \u00eatre envoy\u00e9e au service Gravatar si vous l'utilisez. La page de la politique de confidentialit\u00e9 peut \u00eatre consult\u00e9e ici : https:\/\/automattic.com\/privacy\/. Une fois votre commentaire approuv\u00e9, votre photo de profil est publiquement visible dans le contexte de votre commentaire.<\/p>\r\n\r\n\r\n\r\n<h3 class=\"wp-block-heading\">M\u00e9dias<\/h3>\r\n\r\n\r\n\r\n<p>Si vous \u00eates un utilisateur enregistr\u00e9 et que vous t\u00e9l\u00e9chargez des images sur le site, vous devez \u00e9viter de t\u00e9l\u00e9charger des images qui contiennent des donn\u00e9es de localisation GPS EXIF. Les visiteurs du site peuvent t\u00e9l\u00e9charger les images du site et visualiser les donn\u00e9es de localisation.<\/p>\r\n\r\n\r\n\r\n<h3 class=\"wp-block-heading\">Formulaires de contact<\/h3>\r\n\r\n\r\n\r\n<h3 class=\"wp-block-heading\">Cookies<\/h3>\r\n\r\n\r\n\r\n<p>Lorsque vous laissez un commentaire sur notre site, vous pouvez indiquer si votre nom, votre adresse \u00e9lectronique et votre site peuvent \u00eatre stock\u00e9s dans un cookie. Nous le faisons pour votre confort afin que vous n'ayez pas \u00e0 remplir \u00e0 nouveau ces informations lorsque vous laissez un nouveau commentaire. Ces cookies sont valables pendant un an.<\/p>\r\n\r\n\r\n\r\n<p>Si vous visitez notre page de connexion, nous stockons un cookie temporaire pour v\u00e9rifier si votre navigateur accepte les cookies. Ce cookie ne contient aucune donn\u00e9e personnelle et est supprim\u00e9 lorsque vous fermez votre navigateur.<\/p>\r\n\r\n\r\n\r\n<p>Lorsque vous vous connectez, nous stockons certains cookies li\u00e9s \u00e0 vos informations de connexion et aux options d'affichage de l'\u00e9cran. Les cookies de connexion sont valables pendant 2 jours et les cookies des options d'affichage de l'\u00e9cran sont valables pendant 1 an. Si vous s\u00e9lectionnez \"Se souvenir de moi\", votre connexion sera sauvegard\u00e9e pendant 2 semaines. D\u00e8s que vous vous d\u00e9connectez de votre compte, les cookies de connexion sont supprim\u00e9s.<\/p>\r\n\r\n\r\n\r\n<p>Lorsque vous modifiez ou publiez un article, un cookie suppl\u00e9mentaire est stock\u00e9 par votre navigateur. Ce cookie ne contient pas de donn\u00e9es personnelles et contient simplement l'identifiant de l'article que vous avez \u00e9dit\u00e9. Ce cookie expire apr\u00e8s un jour.<\/p>\r\n\r\n\r\n\r\n<h3 class=\"wp-block-heading\">Contenu int\u00e9gr\u00e9 d'autres sites<\/h3>\r\n\r\n\r\n\r\n<p>Les messages sur ce site peuvent contenir du contenu int\u00e9gr\u00e9 (par exemple des vid\u00e9os, des images, des messages, etc.). Le contenu int\u00e9gr\u00e9 d'autres sites se comporte exactement comme si le visiteur avait visit\u00e9 cet autre site.<\/p>\r\n\r\n\r\n\r\n<p>Ces sites peuvent collecter des informations vous concernant, utiliser des cookies, int\u00e9grer un suivi suppl\u00e9mentaire par des tiers et surveiller votre interaction avec ce contenu int\u00e9gr\u00e9, notamment en enregistrant votre interaction avec le contenu int\u00e9gr\u00e9 si vous avez un compte et \u00eates connect\u00e9 \u00e0 ce site.<\/p>\r\n\r\n\r\n\r\n<h3 class=\"wp-block-heading\">Analytique<\/h3>\r\n\r\n\r\n\r\n<h2 class=\"wp-block-heading\">Avec qui nous partageons vos donn\u00e9es<\/h2>\r\n\r\n\r\n\r\n<h2 class=\"wp-block-heading\">Combien de temps nous conservons vos donn\u00e9es<\/h2>\r\n\r\n\r\n\r\n<p>Lorsque vous laissez un commentaire, ce commentaire et ses m\u00e9tadonn\u00e9es sont stock\u00e9s pour toujours. De cette fa\u00e7on, nous pouvons reconna\u00eetre et approuver automatiquement les commentaires de suivi au lieu de devoir les mod\u00e9rer.<\/p>\r\n\r\n\r\n\r\n<p>Pour les utilisateurs qui s'inscrivent sur notre site (le cas \u00e9ch\u00e9ant), nous stockons \u00e9galement les informations personnelles qu'ils fournissent dans leur profil d'utilisateur. Tous les utilisateurs peuvent consulter, modifier ou supprimer leurs informations personnelles \u00e0 tout moment (sauf qu'ils ne peuvent pas modifier leur nom d'utilisateur). Les administrateurs du site peuvent \u00e9galement consulter et modifier ces informations.<\/p>\r\n\r\n\r\n\r\n<h2 class=\"wp-block-heading\">Quels sont vos droits concernant vos donn\u00e9es ?<\/h2>\r\n\r\n\r\n\r\n<p>Si vous avez un compte sur ce site ou si vous avez laiss\u00e9 des commentaires, vous pouvez demander un fichier d'exportation de toutes les donn\u00e9es personnelles que nous d\u00e9tenons \u00e0 votre sujet, y compris celles que vous nous avez fournies. Vous pouvez \u00e9galement nous demander de supprimer toutes les donn\u00e9es personnelles que nous d\u00e9tenons \u00e0 votre sujet. Cela ne comprend pas les donn\u00e9es que nous sommes tenus de conserver \u00e0 des fins administratives, juridiques ou de s\u00e9curit\u00e9.<\/p>\r\n\r\n\r\n\r\n<h2 class=\"wp-block-heading\">O\u00f9 nous envoyons vos donn\u00e9es<\/h2>\r\n\r\n\r\n\r\n<p>Il est possible que les r\u00e9ponses des visiteurs soient v\u00e9rifi\u00e9es par un service de d\u00e9tection automatique des spams.<\/p>\r\n\r\n\r\n\r\n<h2 class=\"wp-block-heading\">Vos coordonn\u00e9es<\/h2>\r\n\r\n\r\n\r\n<h2 class=\"wp-block-heading\">Informations compl\u00e9mentaires<\/h2>\r\n\r\n\r\n\r\n<h3 class=\"wp-block-heading\">Comment nous prot\u00e9geons vos donn\u00e9es<\/h3>\r\n\r\n\r\n\r\n<h3 class=\"wp-block-heading\">Quelles proc\u00e9dures de violation des donn\u00e9es nous avons mises en place<\/h3>\r\n\r\n\r\n\r\n<h3 class=\"wp-block-heading\">De quels tiers nous recevons des donn\u00e9es<\/h3>\r\n\r\n\r\n\r\n<h3 class=\"wp-block-heading\">La prise de d\u00e9cision et\/ou le profilage automatis\u00e9s que nous faisons avec les donn\u00e9es des utilisateurs.<\/h3>\r\n\r\n\r\n\r\n<h3 class=\"wp-block-heading\">Obligations de divulgation de l'industrie<\/h3>","protected":false},"excerpt":{"rendered":"<p>Wie zijn we Ons site-adres is: http:\/\/konijn.com. Welke persoonlijke gegevens we verzamelen en waarom we die verzamelen Reacties Als bezoekers reacties achterlaten op de site, verzamelen we de gegevens getoond in het reactieformulier, het IP-adres van de bezoeker en de browser user agent om te helpen spam te detecteren. Een geanonimiseerde string, gemaakt op basis [&hellip;]<\/p>\n","protected":false},"author":1,"featured_media":861,"parent":0,"menu_order":0,"comment_status":"closed","ping_status":"open","template":"","meta":{"_acf_changed":false,"footnotes":""},"class_list":["post-3","page","type-page","status-publish","has-post-thumbnail","hentry"],"acf":[],"yoast_head":"<!-- This site is optimized with the Yoast SEO plugin v27.4 - https:\/\/yoast.com\/product\/yoast-seo-wordpress\/ -->\n<title>Privacy verklaring - Konijn Machines<\/title>\n<meta name=\"robots\" content=\"index, follow, max-snippet:-1, max-image-preview:large, max-video-preview:-1\" \/>\n<link rel=\"canonical\" href=\"https:\/\/konijn.com\/fr\/wp-json\/wp\/v2\/pages\/3\" \/>\n<meta property=\"og:locale\" content=\"fr_FR\" \/>\n<meta property=\"og:type\" content=\"article\" \/>\n<meta property=\"og:title\" content=\"Privacy verklaring - Konijn Machines\" \/>\n<meta property=\"og:description\" content=\"Wie zijn we Ons site-adres is: http:\/\/konijn.com. Welke persoonlijke gegevens we verzamelen en waarom we die verzamelen Reacties Als bezoekers reacties achterlaten op de site, verzamelen we de gegevens getoond in het reactieformulier, het IP-adres van de bezoeker en de browser user agent om te helpen spam te detecteren. Een geanonimiseerde string, gemaakt op basis [&hellip;]\" \/>\n<meta property=\"og:url\" content=\"https:\/\/konijn.com\/fr\/privacy-verklaring\/\" \/>\n<meta property=\"og:site_name\" content=\"Konijn Machines\" \/>\n<meta property=\"article:modified_time\" content=\"2021-08-27T12:37:42+00:00\" \/>\n<meta property=\"og:image\" content=\"https:\/\/konijn.com\/wp-content\/uploads\/2021\/08\/PHOTO-2020-04-24-09-01-58.jpg\" \/>\n\t<meta property=\"og:image:width\" content=\"1600\" \/>\n\t<meta property=\"og:image:height\" content=\"1200\" \/>\n\t<meta property=\"og:image:type\" content=\"image\/jpeg\" \/>\n<meta name=\"twitter:card\" content=\"summary_large_image\" \/>\n<meta name=\"twitter:label1\" content=\"Dur\u00e9e de lecture estim\u00e9e\" \/>\n\t<meta name=\"twitter:data1\" content=\"3 minutes\" \/>\n<script type=\"application\/ld+json\" class=\"yoast-schema-graph\">{\"@context\":\"https:\\\/\\\/schema.org\",\"@graph\":[{\"@type\":\"WebPage\",\"@id\":\"https:\\\/\\\/konijn.com\\\/privacy-verklaring\\\/\",\"url\":\"https:\\\/\\\/konijn.com\\\/privacy-verklaring\\\/\",\"name\":\"Privacy verklaring - Konijn Machines\",\"isPartOf\":{\"@id\":\"https:\\\/\\\/konijn.com\\\/en\\\/#website\"},\"primaryImageOfPage\":{\"@id\":\"https:\\\/\\\/konijn.com\\\/privacy-verklaring\\\/#primaryimage\"},\"image\":{\"@id\":\"https:\\\/\\\/konijn.com\\\/privacy-verklaring\\\/#primaryimage\"},\"thumbnailUrl\":\"https:\\\/\\\/konijn.com\\\/wp-content\\\/uploads\\\/2021\\\/08\\\/PHOTO-2020-04-24-09-01-58.jpg\",\"datePublished\":\"2020-09-30T11:52:51+00:00\",\"dateModified\":\"2021-08-27T12:37:42+00:00\",\"breadcrumb\":{\"@id\":\"https:\\\/\\\/konijn.com\\\/privacy-verklaring\\\/#breadcrumb\"},\"inLanguage\":\"fr-FR\",\"potentialAction\":[{\"@type\":\"ReadAction\",\"target\":[\"https:\\\/\\\/konijn.com\\\/privacy-verklaring\\\/\"]}]},{\"@type\":\"ImageObject\",\"inLanguage\":\"fr-FR\",\"@id\":\"https:\\\/\\\/konijn.com\\\/privacy-verklaring\\\/#primaryimage\",\"url\":\"https:\\\/\\\/konijn.com\\\/wp-content\\\/uploads\\\/2021\\\/08\\\/PHOTO-2020-04-24-09-01-58.jpg\",\"contentUrl\":\"https:\\\/\\\/konijn.com\\\/wp-content\\\/uploads\\\/2021\\\/08\\\/PHOTO-2020-04-24-09-01-58.jpg\",\"width\":1600,\"height\":1200},{\"@type\":\"BreadcrumbList\",\"@id\":\"https:\\\/\\\/konijn.com\\\/privacy-verklaring\\\/#breadcrumb\",\"itemListElement\":[{\"@type\":\"ListItem\",\"position\":1,\"name\":\"Home\",\"item\":\"https:\\\/\\\/konijn.com\\\/\"},{\"@type\":\"ListItem\",\"position\":2,\"name\":\"Privacy verklaring\"}]},{\"@type\":\"WebSite\",\"@id\":\"https:\\\/\\\/konijn.com\\\/en\\\/#website\",\"url\":\"https:\\\/\\\/konijn.com\\\/en\\\/\",\"name\":\"Konijn Machines\",\"description\":\"\",\"publisher\":{\"@id\":\"https:\\\/\\\/konijn.com\\\/en\\\/#organization\"},\"potentialAction\":[{\"@type\":\"SearchAction\",\"target\":{\"@type\":\"EntryPoint\",\"urlTemplate\":\"https:\\\/\\\/konijn.com\\\/en\\\/?s={search_term_string}\"},\"query-input\":{\"@type\":\"PropertyValueSpecification\",\"valueRequired\":true,\"valueName\":\"search_term_string\"}}],\"inLanguage\":\"fr-FR\"},{\"@type\":\"Organization\",\"@id\":\"https:\\\/\\\/konijn.com\\\/en\\\/#organization\",\"name\":\"Konijn Machines\",\"url\":\"https:\\\/\\\/konijn.com\\\/en\\\/\",\"logo\":{\"@type\":\"ImageObject\",\"inLanguage\":\"fr-FR\",\"@id\":\"https:\\\/\\\/konijn.com\\\/en\\\/#\\\/schema\\\/logo\\\/image\\\/\",\"url\":\"https:\\\/\\\/konijn.com\\\/wp-content\\\/uploads\\\/2022\\\/06\\\/N_Konijn_header_voor_web-scaled.jpg\",\"contentUrl\":\"https:\\\/\\\/konijn.com\\\/wp-content\\\/uploads\\\/2022\\\/06\\\/N_Konijn_header_voor_web-scaled.jpg\",\"width\":2560,\"height\":545,\"caption\":\"Konijn Machines\"},\"image\":{\"@id\":\"https:\\\/\\\/konijn.com\\\/en\\\/#\\\/schema\\\/logo\\\/image\\\/\"}}]}<\/script>\n<!-- \/ Yoast SEO plugin. -->","yoast_head_json":{"title":"D\u00e9claration de confidentialit\u00e9 - Konijn Machines","robots":{"index":"index","follow":"follow","max-snippet":"max-snippet:-1","max-image-preview":"max-image-preview:large","max-video-preview":"max-video-preview:-1"},"canonical":"https:\/\/konijn.com\/fr\/wp-json\/wp\/v2\/pages\/3","og_locale":"fr_FR","og_type":"article","og_title":"Privacy verklaring - Konijn Machines","og_description":"Wie zijn we Ons site-adres is: http:\/\/konijn.com. Welke persoonlijke gegevens we verzamelen en waarom we die verzamelen Reacties Als bezoekers reacties achterlaten op de site, verzamelen we de gegevens getoond in het reactieformulier, het IP-adres van de bezoeker en de browser user agent om te helpen spam te detecteren. Een geanonimiseerde string, gemaakt op basis [&hellip;]","og_url":"https:\/\/konijn.com\/fr\/privacy-verklaring\/","og_site_name":"Konijn Machines","article_modified_time":"2021-08-27T12:37:42+00:00","og_image":[{"width":1600,"height":1200,"url":"https:\/\/konijn.com\/wp-content\/uploads\/2021\/08\/PHOTO-2020-04-24-09-01-58.jpg","type":"image\/jpeg"}],"twitter_card":"summary_large_image","twitter_misc":{"Dur\u00e9e de lecture estim\u00e9e":"3 minutes"},"schema":{"@context":"https:\/\/schema.org","@graph":[{"@type":"WebPage","@id":"https:\/\/konijn.com\/privacy-verklaring\/","url":"https:\/\/konijn.com\/privacy-verklaring\/","name":"D\u00e9claration de confidentialit\u00e9 - Konijn Machines","isPartOf":{"@id":"https:\/\/konijn.com\/en\/#website"},"primaryImageOfPage":{"@id":"https:\/\/konijn.com\/privacy-verklaring\/#primaryimage"},"image":{"@id":"https:\/\/konijn.com\/privacy-verklaring\/#primaryimage"},"thumbnailUrl":"https:\/\/konijn.com\/wp-content\/uploads\/2021\/08\/PHOTO-2020-04-24-09-01-58.jpg","datePublished":"2020-09-30T11:52:51+00:00","dateModified":"2021-08-27T12:37:42+00:00","breadcrumb":{"@id":"https:\/\/konijn.com\/privacy-verklaring\/#breadcrumb"},"inLanguage":"fr-FR","potentialAction":[{"@type":"ReadAction","target":["https:\/\/konijn.com\/privacy-verklaring\/"]}]},{"@type":"ImageObject","inLanguage":"fr-FR","@id":"https:\/\/konijn.com\/privacy-verklaring\/#primaryimage","url":"https:\/\/konijn.com\/wp-content\/uploads\/2021\/08\/PHOTO-2020-04-24-09-01-58.jpg","contentUrl":"https:\/\/konijn.com\/wp-content\/uploads\/2021\/08\/PHOTO-2020-04-24-09-01-58.jpg","width":1600,"height":1200},{"@type":"BreadcrumbList","@id":"https:\/\/konijn.com\/privacy-verklaring\/#breadcrumb","itemListElement":[{"@type":"ListItem","position":1,"name":"Home","item":"https:\/\/konijn.com\/"},{"@type":"ListItem","position":2,"name":"Privacy verklaring"}]},{"@type":"WebSite","@id":"https:\/\/konijn.com\/en\/#website","url":"https:\/\/konijn.com\/en\/","name":"Machines Konijn","description":"","publisher":{"@id":"https:\/\/konijn.com\/en\/#organization"},"potentialAction":[{"@type":"SearchAction","target":{"@type":"EntryPoint","urlTemplate":"https:\/\/konijn.com\/en\/?s={search_term_string}"},"query-input":{"@type":"PropertyValueSpecification","valueRequired":true,"valueName":"search_term_string"}}],"inLanguage":"fr-FR"},{"@type":"Organization","@id":"https:\/\/konijn.com\/en\/#organization","name":"Machines Konijn","url":"https:\/\/konijn.com\/en\/","logo":{"@type":"ImageObject","inLanguage":"fr-FR","@id":"https:\/\/konijn.com\/en\/#\/schema\/logo\/image\/","url":"https:\/\/konijn.com\/wp-content\/uploads\/2022\/06\/N_Konijn_header_voor_web-scaled.jpg","contentUrl":"https:\/\/konijn.com\/wp-content\/uploads\/2022\/06\/N_Konijn_header_voor_web-scaled.jpg","width":2560,"height":545,"caption":"Konijn Machines"},"image":{"@id":"https:\/\/konijn.com\/en\/#\/schema\/logo\/image\/"}}]}},"_links":{"self":[{"href":"https:\/\/konijn.com\/fr\/wp-json\/wp\/v2\/pages\/3","targetHints":{"allow":["GET"]}}],"collection":[{"href":"https:\/\/konijn.com\/fr\/wp-json\/wp\/v2\/pages"}],"about":[{"href":"https:\/\/konijn.com\/fr\/wp-json\/wp\/v2\/types\/page"}],"author":[{"embeddable":true,"href":"https:\/\/konijn.com\/fr\/wp-json\/wp\/v2\/users\/1"}],"replies":[{"embeddable":true,"href":"https:\/\/konijn.com\/fr\/wp-json\/wp\/v2\/comments?post=3"}],"version-history":[{"count":0,"href":"https:\/\/konijn.com\/fr\/wp-json\/wp\/v2\/pages\/3\/revisions"}],"wp:featuredmedia":[{"embeddable":true,"href":"https:\/\/konijn.com\/fr\/wp-json\/wp\/v2\/media\/861"}],"wp:attachment":[{"href":"https:\/\/konijn.com\/fr\/wp-json\/wp\/v2\/media?parent=3"}],"curies":[{"name":"wp","href":"https:\/\/api.w.org\/{rel}","templated":true}]}}